{"id":44,"date":"2023-07-24T13:09:30","date_gmt":"2023-07-24T11:09:30","guid":{"rendered":"https:\/\/isp-serviceplus.de\/?page_id=44"},"modified":"2023-07-24T13:37:46","modified_gmt":"2023-07-24T11:37:46","slug":"ueber-uns","status":"publish","type":"page","link":"https:\/\/letsgohome.de\/?page_id=44","title":{"rendered":"Impressum"},"content":{"rendered":"\n<h2 class=\"wp-block-heading\">Unser Unternehmen orientiert sich an Kundenw\u00fcnschen und unser ganzes Team bem\u00fcht sich, diese Anspr\u00fcche zu erf\u00fcllen. Unsere treuen Kunden sind unser bester Qualit\u00e4tsnachweis.<\/h2>\n\n\n\n<h3 class=\"wp-block-heading\">Wir w\u00fcrden uns freuen, auch f\u00fcr Sie Kontaktperson und Ansprechpartner sein zu d\u00fcrfen.<\/h3>\n\n\n\n<p><strong>Joerg Korte<\/strong><br><em>Internet Business Consultant<\/em><\/p>\n\n\n\n<p>Idafehn Nord 115<br>26842 Ostrhauderfehn<\/p>\n\n\n\n<p>Telefon 01803 118877-00<br>Telefax 01803 118877-10 *<br>eMail support (at) isp-korte (punkt) de<\/p>\n\n\n\n<hr class=\"wp-block-separator has-alpha-channel-opacity is-style-wide\"\/>\n\n\n\n<p>Umsatzsteueridentifikationsnummer \u00a727a Umsatzsteuerges.: DE248861249<\/p>\n\n\n\n<hr class=\"wp-block-separator has-alpha-channel-opacity is-style-wide\"\/>\n\n\n\n<p>ISP-KORTE ist Diensteanbieter nach \u00a7 6 TKG, (Registriernummer 08\/297 bei der Bundesnetzagentur)<br><br>Angebot von Festnetz-\u00dcbertragungswegen (ohne Satelliten gest\u00fctze \u00dc-Wege)<br>Betrieb \u00f6ffentlicher Telekommunikationsnetze<br>Datenmehrwertdienste<br>Netzmanagementdienste<br>Sprachdienste<\/p>\n\n\n\n<hr class=\"wp-block-separator has-alpha-channel-opacity is-style-wide\"\/>\n\n\n\n<p><strong>B\u00fcro \/ \u00d6ffnungszeiten<\/strong><\/p>\n\n\n\n<p>Mittwoch &#8211; Freitag: 15:00 &#8211; 18:00 Uhr<br>Montag &#8211; Samstag: 10:00 &#8211; 13:00 Uhr<br>Sonntag: Geschlossen<\/p>\n\n\n\n<hr class=\"wp-block-separator has-alpha-channel-opacity is-style-wide\"\/>\n\n\n\n<p><em>* 9ct\/min Festnetz <\/em><\/p>\n","protected":false},"excerpt":{"rendered":"<p>Unser Unternehmen orientiert sich an Kundenw\u00fcnschen und unser ganzes Team bem\u00fcht sich, diese Anspr\u00fcche zu erf\u00fcllen. Unsere treuen Kunden sind unser bester Qualit\u00e4tsnachweis. Wir w\u00fcrden uns freuen, auch f\u00fcr Sie Kontaktperson und Ansprechpartner sein zu d\u00fcrfen. Joerg KorteInternet Business Consultant Idafehn Nord 11526842 Ostrhauderfehn Telefon 01803 118877-00Telefax 01803 118877-10 *eMail support (at) isp-korte (punkt) de [&hellip;]<\/p>\n","protected":false},"author":1,"featured_media":0,"parent":0,"menu_order":0,"comment_status":"closed","ping_status":"closed","template":"","meta":{"footnotes":""},"class_list":["post-44","page","type-page","status-publish","hentry"],"_links":{"self":[{"href":"https:\/\/letsgohome.de\/index.php?rest_route=\/wp\/v2\/pages\/44","targetHints":{"allow":["GET"]}}],"collection":[{"href":"https:\/\/letsgohome.de\/index.php?rest_route=\/wp\/v2\/pages"}],"about":[{"href":"https:\/\/letsgohome.de\/index.php?rest_route=\/wp\/v2\/types\/page"}],"author":[{"embeddable":true,"href":"https:\/\/letsgohome.de\/index.php?rest_route=\/wp\/v2\/users\/1"}],"replies":[{"embeddable":true,"href":"https:\/\/letsgohome.de\/index.php?rest_route=%2Fwp%2Fv2%2Fcomments&post=44"}],"version-history":[{"count":2,"href":"https:\/\/letsgohome.de\/index.php?rest_route=\/wp\/v2\/pages\/44\/revisions"}],"predecessor-version":[{"id":65,"href":"https:\/\/letsgohome.de\/index.php?rest_route=\/wp\/v2\/pages\/44\/revisions\/65"}],"wp:attachment":[{"href":"https:\/\/letsgohome.de\/index.php?rest_route=%2Fwp%2Fv2%2Fmedia&parent=44"}],"curies":[{"name":"wp","href":"https:\/\/api.w.org\/{rel}","templated":true}]}}